{"id":32,"date":"2022-11-21T09:15:00","date_gmt":"2022-11-21T12:15:00","guid":{"rendered":"https:\/\/expoforest.com.br\/?page_id=32"},"modified":"2023-07-24T16:33:19","modified_gmt":"2023-07-24T19:33:19","slug":"visitantes","status":"publish","type":"page","link":"https:\/\/www.expoforest.com.br\/2023\/visitantes\/","title":{"rendered":"Visitantes"},"content":{"rendered":"\t\t<div data-elementor-type=\"wp-page\" data-elementor-id=\"32\" class=\"elementor elementor-32\" data-elementor-post-type=\"page\">\n\t\t\t\t\t\t<section data-dce-background-color=\"#000000\" data-dce-background-overlay-color=\"#000000\" data-dce-background-image-url=\"https:\/\/expoforest.com.br\/2023\/wp-content\/uploads\/2022\/11\/bg.jpg\" class=\"elementor-section elementor-top-section elementor-element elementor-element-1f10ad4f elementor-section-boxed elementor-section-height-default elementor-section-height-default\" data-id=\"1f10ad4f\" data-element_type=\"section\" data-e-type=\"section\" data-settings=\"{&quot;background_background&quot;:&quot;classic&quot;}\">\n\t\t\t\t\t\t\t<div class=\"elementor-background-overlay\"><\/div>\n\t\t\t\t\t\t\t<div class=\"elementor-container elementor-column-gap-default\">\n\t\t\t\t\t<div class=\"elementor-column elementor-col-100 elementor-top-column elementor-element elementor-element-4e77e63e\" data-id=\"4e77e63e\" data-element_type=\"column\" data-e-type=\"column\">\n\t\t\t<div class=\"elementor-widget-wrap elementor-element-populated\">\n\t\t\t\t\t\t<div data-dce-title-color=\"#FFFFFF\" class=\"elementor-element elementor-element-3cb0d373 elementor-widget elementor-widget-heading\" data-id=\"3cb0d373\" data-element_type=\"widget\" data-e-type=\"widget\" data-widget_type=\"heading.default\">\n\t\t\t\t<div class=\"elementor-widget-container\">\n\t\t\t\t\t<h1 class=\"elementor-heading-title elementor-size-default\">Perfil dos <strong>Visitantes<\/strong><\/h1>\t\t\t\t<\/div>\n\t\t\t\t<\/div>\n\t\t\t\t\t<\/div>\n\t\t<\/div>\n\t\t\t\t\t<\/div>\n\t\t<\/section>\n\t\t\t\t<section class=\"elementor-section elementor-top-section elementor-element elementor-element-4f0e4f09 elementor-section-boxed elementor-section-height-default elementor-section-height-default\" data-id=\"4f0e4f09\" data-element_type=\"section\" data-e-type=\"section\">\n\t\t\t\t\t\t<div class=\"elementor-container elementor-column-gap-default\">\n\t\t\t\t\t<div class=\"elementor-column elementor-col-50 elementor-top-column elementor-element elementor-element-12b017a0\" data-id=\"12b017a0\" data-element_type=\"column\" data-e-type=\"column\">\n\t\t\t<div class=\"elementor-widget-wrap elementor-element-populated\">\n\t\t\t\t\t\t<div class=\"elementor-element elementor-element-2a8490b5 elementor-widget elementor-widget-text-editor\" data-id=\"2a8490b5\" data-element_type=\"widget\" data-e-type=\"widget\" data-widget_type=\"text-editor.default\">\n\t\t\t\t<div class=\"elementor-widget-container\">\n\t\t\t\t\t\t\t\t\t<p>O p\u00fablico que participa da Expoforest \u00e9 altamente especializado, formado principalmente por t\u00e9cnicos, engenheiros, gerentes e diretores que atuam nas empresas de base florestal da Am\u00e9rica Latina e de diversos outros pa\u00edses como: Estados Unidos, Canad\u00e1, Alemanha, Su\u00e9cia, Austr\u00e1lia, entre outros.<\/p><p>\u00a0<\/p><p>O contato com o p\u00fablico especializado possibilita ao expositor uma grande possibilidade de alavancar neg\u00f3cios durante e p\u00f3s-feira.<\/p><p>\u00a0<\/p><p>Na Expoforest 2018, foram registrados somente durante o per\u00edodo da feira, 30.654 visitantes de 30 pa\u00edses e mais de R$ 316 milh\u00f5es em neg\u00f3cios.<\/p><p>\u00a0<\/p><p>__<\/p><h5>\u00a0<\/h5><h5><strong><em><span style=\"font-size: 16px; text-align: center; white-space: pre-wrap;\">* \u00c9 proibida a entrada de menores de 14 anos na Expoforest.<\/span><\/em><\/strong><\/h5>\t\t\t\t\t\t\t\t<\/div>\n\t\t\t\t<\/div>\n\t\t\t\t\t<\/div>\n\t\t<\/div>\n\t\t\t\t<div class=\"elementor-column elementor-col-50 elementor-top-column elementor-element elementor-element-4ffdd4d8\" data-id=\"4ffdd4d8\" data-element_type=\"column\" data-e-type=\"column\">\n\t\t\t<div class=\"elementor-widget-wrap elementor-element-populated\">\n\t\t\t\t\t\t<div class=\"elementor-element elementor-element-577e1bb dce_masking-none elementor-widget elementor-widget-image\" data-id=\"577e1bb\" data-element_type=\"widget\" data-e-type=\"widget\" data-widget_type=\"image.default\">\n\t\t\t\t<div class=\"elementor-widget-container\">\n\t\t\t\t\t\t\t\t\t\t\t\t\t\t\t<img fetchpriority=\"high\" decoding=\"async\" width=\"515\" height=\"386\" src=\"https:\/\/www.expoforest.com.br\/2023\/wp-content\/uploads\/2021\/12\/perfil-visitante.png\" class=\"attachment-large size-large wp-image-10044\" alt=\"\" \/>\t\t\t\t\t\t\t\t\t\t\t\t\t\t\t<\/div>\n\t\t\t\t<\/div>\n\t\t\t\t\t<\/div>\n\t\t<\/div>\n\t\t\t\t\t<\/div>\n\t\t<\/section>\n\t\t\t\t<section class=\"elementor-section elementor-top-section elementor-element elementor-element-3423227d elementor-section-full_width elementor-section-height-default elementor-section-height-default\" data-id=\"3423227d\" data-element_type=\"section\" data-e-type=\"section\">\n\t\t\t\t\t\t<div class=\"elementor-container elementor-column-gap-no\">\n\t\t\t\t\t<div class=\"elementor-column elementor-col-100 elementor-top-column elementor-element elementor-element-1cf062b6\" data-id=\"1cf062b6\" data-element_type=\"column\" data-e-type=\"column\">\n\t\t\t<div class=\"elementor-widget-wrap elementor-element-populated\">\n\t\t\t\t\t\t<div class=\"elementor-element elementor-element-3ca55017 elementor-hidden-mobile dce_masking-none elementor-widget elementor-widget-image\" data-id=\"3ca55017\" data-element_type=\"widget\" data-e-type=\"widget\" data-widget_type=\"image.default\">\n\t\t\t\t<div class=\"elementor-widget-container\">\n\t\t\t\t\t\t\t\t\t\t\t\t\t\t\t<img decoding=\"async\" width=\"1920\" height=\"476\" src=\"https:\/\/www.expoforest.com.br\/2023\/wp-content\/uploads\/2023\/05\/guia_completo_home_banner_ok.jpg\" class=\"attachment-full size-full wp-image-15673\" alt=\"\" srcset=\"https:\/\/www.expoforest.com.br\/2023\/wp-content\/uploads\/2023\/05\/guia_completo_home_banner_ok.jpg 1920w, https:\/\/www.expoforest.com.br\/2023\/wp-content\/uploads\/2023\/05\/guia_completo_home_banner_ok-1024x254.jpg 1024w, https:\/\/www.expoforest.com.br\/2023\/wp-content\/uploads\/2023\/05\/guia_completo_home_banner_ok-768x190.jpg 768w, https:\/\/www.expoforest.com.br\/2023\/wp-content\/uploads\/2023\/05\/guia_completo_home_banner_ok-1536x381.jpg 1536w\" sizes=\"(max-width: 1920px) 100vw, 1920px\" \/>\t\t\t\t\t\t\t\t\t\t\t\t\t\t\t<\/div>\n\t\t\t\t<\/div>\n\t\t\t\t<div class=\"elementor-element elementor-element-f2f6f8f elementor-hidden-mobile dce_masking-none elementor-widget elementor-widget-image\" data-id=\"f2f6f8f\" data-element_type=\"widget\" data-e-type=\"widget\" data-widget_type=\"image.default\">\n\t\t\t\t<div class=\"elementor-widget-container\">\n\t\t\t\t\t\t\t\t\t\t\t\t\t\t\t\t<a href=\"http:\/\/expoforest2023.yazo.app.br\/app-links\" target=\"_blank\">\n\t\t\t\t\t\t\t<img decoding=\"async\" width=\"1920\" height=\"392\" src=\"https:\/\/www.expoforest.com.br\/2023\/wp-content\/uploads\/2023\/07\/banner_app_site.jpg\" class=\"attachment-full size-full wp-image-17265\" alt=\"\" srcset=\"https:\/\/www.expoforest.com.br\/2023\/wp-content\/uploads\/2023\/07\/banner_app_site.jpg 1920w, https:\/\/www.expoforest.com.br\/2023\/wp-content\/uploads\/2023\/07\/banner_app_site-1024x209.jpg 1024w, https:\/\/www.expoforest.com.br\/2023\/wp-content\/uploads\/2023\/07\/banner_app_site-768x157.jpg 768w, https:\/\/www.expoforest.com.br\/2023\/wp-content\/uploads\/2023\/07\/banner_app_site-1536x314.jpg 1536w\" sizes=\"(max-width: 1920px) 100vw, 1920px\" \/>\t\t\t\t\t\t\t\t<\/a>\n\t\t\t\t\t\t\t\t\t\t\t\t\t\t\t<\/div>\n\t\t\t\t<\/div>\n\t\t\t\t<div class=\"elementor-element elementor-element-797e21f9 elementor-widget__width-inherit elementor-hidden-desktop elementor-hidden-laptop elementor-hidden-tablet dce_masking-none elementor-widget elementor-widget-image\" data-id=\"797e21f9\" data-element_type=\"widget\" data-e-type=\"widget\" data-widget_type=\"image.default\">\n\t\t\t\t<div class=\"elementor-widget-container\">\n\t\t\t\t\t\t\t\t\t\t\t\t\t\t\t<img loading=\"lazy\" decoding=\"async\" width=\"1920\" height=\"1112\" src=\"https:\/\/www.expoforest.com.br\/2023\/wp-content\/uploads\/2023\/05\/guia_completo_mobile_banner_ok.jpg\" class=\"attachment-full size-full wp-image-15672\" alt=\"\" srcset=\"https:\/\/www.expoforest.com.br\/2023\/wp-content\/uploads\/2023\/05\/guia_completo_mobile_banner_ok.jpg 1920w, https:\/\/www.expoforest.com.br\/2023\/wp-content\/uploads\/2023\/05\/guia_completo_mobile_banner_ok-1024x593.jpg 1024w, https:\/\/www.expoforest.com.br\/2023\/wp-content\/uploads\/2023\/05\/guia_completo_mobile_banner_ok-768x445.jpg 768w, https:\/\/www.expoforest.com.br\/2023\/wp-content\/uploads\/2023\/05\/guia_completo_mobile_banner_ok-1536x890.jpg 1536w\" sizes=\"(max-width: 1920px) 100vw, 1920px\" \/>\t\t\t\t\t\t\t\t\t\t\t\t\t\t\t<\/div>\n\t\t\t\t<\/div>\n\t\t\t\t<div class=\"elementor-element elementor-element-74bd086 elementor-hidden-desktop elementor-hidden-laptop elementor-hidden-tablet dce_masking-none elementor-widget elementor-widget-image\" data-id=\"74bd086\" data-element_type=\"widget\" data-e-type=\"widget\" data-widget_type=\"image.default\">\n\t\t\t\t<div class=\"elementor-widget-container\">\n\t\t\t\t\t\t\t\t\t\t\t\t\t\t\t\t<a href=\"http:\/\/expoforest2023.yazo.app.br\/app-links\" target=\"_blank\">\n\t\t\t\t\t\t\t<img loading=\"lazy\" decoding=\"async\" width=\"1507\" height=\"1280\" src=\"https:\/\/www.expoforest.com.br\/2023\/wp-content\/uploads\/2023\/07\/banner_app_mobile.jpg\" class=\"attachment-full size-full wp-image-17266\" alt=\"\" srcset=\"https:\/\/www.expoforest.com.br\/2023\/wp-content\/uploads\/2023\/07\/banner_app_mobile.jpg 1507w, https:\/\/www.expoforest.com.br\/2023\/wp-content\/uploads\/2023\/07\/banner_app_mobile-1024x870.jpg 1024w, https:\/\/www.expoforest.com.br\/2023\/wp-content\/uploads\/2023\/07\/banner_app_mobile-768x652.jpg 768w\" sizes=\"(max-width: 1507px) 100vw, 1507px\" \/>\t\t\t\t\t\t\t\t<\/a>\n\t\t\t\t\t\t\t\t\t\t\t\t\t\t\t<\/div>\n\t\t\t\t<\/div>\n\t\t\t\t\t<\/div>\n\t\t<\/div>\n\t\t\t\t\t<\/div>\n\t\t<\/section>\n\t\t\t\t<\/div>\n\t\t","protected":false},"excerpt":{"rendered":"<p>Perfil dos Visitantes O p\u00fablico que participa da Expoforest \u00e9 altamente especializado, formado principalmente por t\u00e9cnicos, engenheiros, gerentes e diretores que atuam nas empresas de base florestal da Am\u00e9rica Latina e de diversos outros pa\u00edses como: Estados Unidos, Canad\u00e1, Alemanha, Su\u00e9cia, Austr\u00e1lia, entre outros. \u00a0 O contato com o p\u00fablico especializado possibilita ao expositor uma [&hellip;]<\/p>\n","protected":false},"author":3,"featured_media":0,"parent":0,"menu_order":4,"comment_status":"closed","ping_status":"closed","template":"","meta":{"_acf_changed":false,"footnotes":""},"class_list":["post-32","page","type-page","status-publish","hentry"],"acf":[],"yoast_head":"<!-- This site is optimized with the Yoast SEO plugin v26.9 - https:\/\/yoast.com\/product\/yoast-seo-wordpress\/ -->\n<title>Expoforest - Visitantes<\/title>\n<meta name=\"robots\" content=\"index, follow, max-snippet:-1, max-image-preview:large, max-video-preview:-1\" \/>\n<link rel=\"canonical\" href=\"https:\/\/www.expoforest.com.br\/2023\/visitantes\/\" \/>\n<meta property=\"og:locale\" content=\"pt_BR\" \/>\n<meta property=\"og:type\" content=\"article\" \/>\n<meta property=\"og:title\" content=\"Expoforest - Visitantes\" \/>\n<meta property=\"og:description\" content=\"Perfil dos Visitantes O p\u00fablico que participa da Expoforest \u00e9 altamente especializado, formado principalmente por t\u00e9cnicos, engenheiros, gerentes e diretores que atuam nas empresas de base florestal da Am\u00e9rica Latina e de diversos outros pa\u00edses como: Estados Unidos, Canad\u00e1, Alemanha, Su\u00e9cia, Austr\u00e1lia, entre outros. \u00a0 O contato com o p\u00fablico especializado possibilita ao expositor uma [&hellip;]\" \/>\n<meta property=\"og:url\" content=\"https:\/\/www.expoforest.com.br\/2023\/visitantes\/\" \/>\n<meta property=\"og:site_name\" content=\"Expoforest\" \/>\n<meta property=\"article:modified_time\" content=\"2023-07-24T19:33:19+00:00\" \/>\n<meta property=\"og:image\" content=\"https:\/\/expoforest.com.br\/wp-content\/uploads\/2021\/12\/perfil-visitante.png\" \/>\n<meta name=\"twitter:card\" content=\"summary_large_image\" \/>\n<meta name=\"twitter:label1\" content=\"Est. tempo de leitura\" \/>\n\t<meta name=\"twitter:data1\" content=\"2 minutos\" \/>\n<script type=\"application\/ld+json\" class=\"yoast-schema-graph\">{\"@context\":\"https:\/\/schema.org\",\"@graph\":[{\"@type\":\"WebPage\",\"@id\":\"https:\/\/www.expoforest.com.br\/2023\/visitantes\/\",\"url\":\"https:\/\/www.expoforest.com.br\/2023\/visitantes\/\",\"name\":\"Expoforest - Visitantes\",\"isPartOf\":{\"@id\":\"https:\/\/www.expoforest.com.br\/2023\/#website\"},\"primaryImageOfPage\":{\"@id\":\"https:\/\/www.expoforest.com.br\/2023\/visitantes\/#primaryimage\"},\"image\":{\"@id\":\"https:\/\/www.expoforest.com.br\/2023\/visitantes\/#primaryimage\"},\"thumbnailUrl\":\"https:\/\/expoforest.com.br\/wp-content\/uploads\/2021\/12\/perfil-visitante.png\",\"datePublished\":\"2022-11-21T12:15:00+00:00\",\"dateModified\":\"2023-07-24T19:33:19+00:00\",\"breadcrumb\":{\"@id\":\"https:\/\/www.expoforest.com.br\/2023\/visitantes\/#breadcrumb\"},\"inLanguage\":\"pt-BR\",\"potentialAction\":[{\"@type\":\"ReadAction\",\"target\":[\"https:\/\/www.expoforest.com.br\/2023\/visitantes\/\"]}]},{\"@type\":\"ImageObject\",\"inLanguage\":\"pt-BR\",\"@id\":\"https:\/\/www.expoforest.com.br\/2023\/visitantes\/#primaryimage\",\"url\":\"https:\/\/expoforest.com.br\/wp-content\/uploads\/2021\/12\/perfil-visitante.png\",\"contentUrl\":\"https:\/\/expoforest.com.br\/wp-content\/uploads\/2021\/12\/perfil-visitante.png\"},{\"@type\":\"BreadcrumbList\",\"@id\":\"https:\/\/www.expoforest.com.br\/2023\/visitantes\/#breadcrumb\",\"itemListElement\":[{\"@type\":\"ListItem\",\"position\":1,\"name\":\"In\u00edcio\",\"item\":\"https:\/\/www.expoforest.com.br\/2023\/\"},{\"@type\":\"ListItem\",\"position\":2,\"name\":\"Visitantes\"}]},{\"@type\":\"WebSite\",\"@id\":\"https:\/\/www.expoforest.com.br\/2023\/#website\",\"url\":\"https:\/\/www.expoforest.com.br\/2023\/\",\"name\":\"Expoforest 2023\",\"description\":\"\",\"publisher\":{\"@id\":\"https:\/\/www.expoforest.com.br\/2023\/#organization\"},\"potentialAction\":[{\"@type\":\"SearchAction\",\"target\":{\"@type\":\"EntryPoint\",\"urlTemplate\":\"https:\/\/www.expoforest.com.br\/2023\/?s={search_term_string}\"},\"query-input\":{\"@type\":\"PropertyValueSpecification\",\"valueRequired\":true,\"valueName\":\"search_term_string\"}}],\"inLanguage\":\"pt-BR\"},{\"@type\":\"Organization\",\"@id\":\"https:\/\/www.expoforest.com.br\/2023\/#organization\",\"name\":\"Expoforest 2023\",\"url\":\"https:\/\/www.expoforest.com.br\/2023\/\",\"logo\":{\"@type\":\"ImageObject\",\"inLanguage\":\"pt-BR\",\"@id\":\"https:\/\/www.expoforest.com.br\/2023\/#\/schema\/logo\/image\/\",\"url\":\"https:\/\/expoforest.com.br\/wp-content\/uploads\/2023\/02\/avatar.jpg\",\"contentUrl\":\"https:\/\/expoforest.com.br\/wp-content\/uploads\/2023\/02\/avatar.jpg\",\"width\":1080,\"height\":1080,\"caption\":\"Expoforest 2023\"},\"image\":{\"@id\":\"https:\/\/www.expoforest.com.br\/2023\/#\/schema\/logo\/image\/\"}}]}<\/script>\n<!-- \/ Yoast SEO plugin. -->","yoast_head_json":{"title":"Expoforest - Visitantes","robots":{"index":"index","follow":"follow","max-snippet":"max-snippet:-1","max-image-preview":"max-image-preview:large","max-video-preview":"max-video-preview:-1"},"canonical":"https:\/\/www.expoforest.com.br\/2023\/visitantes\/","og_locale":"pt_BR","og_type":"article","og_title":"Expoforest - Visitantes","og_description":"Perfil dos Visitantes O p\u00fablico que participa da Expoforest \u00e9 altamente especializado, formado principalmente por t\u00e9cnicos, engenheiros, gerentes e diretores que atuam nas empresas de base florestal da Am\u00e9rica Latina e de diversos outros pa\u00edses como: Estados Unidos, Canad\u00e1, Alemanha, Su\u00e9cia, Austr\u00e1lia, entre outros. \u00a0 O contato com o p\u00fablico especializado possibilita ao expositor uma [&hellip;]","og_url":"https:\/\/www.expoforest.com.br\/2023\/visitantes\/","og_site_name":"Expoforest","article_modified_time":"2023-07-24T19:33:19+00:00","og_image":[{"url":"https:\/\/expoforest.com.br\/wp-content\/uploads\/2021\/12\/perfil-visitante.png","type":"","width":"","height":""}],"twitter_card":"summary_large_image","twitter_misc":{"Est. tempo de leitura":"2 minutos"},"schema":{"@context":"https:\/\/schema.org","@graph":[{"@type":"WebPage","@id":"https:\/\/www.expoforest.com.br\/2023\/visitantes\/","url":"https:\/\/www.expoforest.com.br\/2023\/visitantes\/","name":"Expoforest - Visitantes","isPartOf":{"@id":"https:\/\/www.expoforest.com.br\/2023\/#website"},"primaryImageOfPage":{"@id":"https:\/\/www.expoforest.com.br\/2023\/visitantes\/#primaryimage"},"image":{"@id":"https:\/\/www.expoforest.com.br\/2023\/visitantes\/#primaryimage"},"thumbnailUrl":"https:\/\/expoforest.com.br\/wp-content\/uploads\/2021\/12\/perfil-visitante.png","datePublished":"2022-11-21T12:15:00+00:00","dateModified":"2023-07-24T19:33:19+00:00","breadcrumb":{"@id":"https:\/\/www.expoforest.com.br\/2023\/visitantes\/#breadcrumb"},"inLanguage":"pt-BR","potentialAction":[{"@type":"ReadAction","target":["https:\/\/www.expoforest.com.br\/2023\/visitantes\/"]}]},{"@type":"ImageObject","inLanguage":"pt-BR","@id":"https:\/\/www.expoforest.com.br\/2023\/visitantes\/#primaryimage","url":"https:\/\/expoforest.com.br\/wp-content\/uploads\/2021\/12\/perfil-visitante.png","contentUrl":"https:\/\/expoforest.com.br\/wp-content\/uploads\/2021\/12\/perfil-visitante.png"},{"@type":"BreadcrumbList","@id":"https:\/\/www.expoforest.com.br\/2023\/visitantes\/#breadcrumb","itemListElement":[{"@type":"ListItem","position":1,"name":"In\u00edcio","item":"https:\/\/www.expoforest.com.br\/2023\/"},{"@type":"ListItem","position":2,"name":"Visitantes"}]},{"@type":"WebSite","@id":"https:\/\/www.expoforest.com.br\/2023\/#website","url":"https:\/\/www.expoforest.com.br\/2023\/","name":"Expoforest 2023","description":"","publisher":{"@id":"https:\/\/www.expoforest.com.br\/2023\/#organization"},"potentialAction":[{"@type":"SearchAction","target":{"@type":"EntryPoint","urlTemplate":"https:\/\/www.expoforest.com.br\/2023\/?s={search_term_string}"},"query-input":{"@type":"PropertyValueSpecification","valueRequired":true,"valueName":"search_term_string"}}],"inLanguage":"pt-BR"},{"@type":"Organization","@id":"https:\/\/www.expoforest.com.br\/2023\/#organization","name":"Expoforest 2023","url":"https:\/\/www.expoforest.com.br\/2023\/","logo":{"@type":"ImageObject","inLanguage":"pt-BR","@id":"https:\/\/www.expoforest.com.br\/2023\/#\/schema\/logo\/image\/","url":"https:\/\/expoforest.com.br\/wp-content\/uploads\/2023\/02\/avatar.jpg","contentUrl":"https:\/\/expoforest.com.br\/wp-content\/uploads\/2023\/02\/avatar.jpg","width":1080,"height":1080,"caption":"Expoforest 2023"},"image":{"@id":"https:\/\/www.expoforest.com.br\/2023\/#\/schema\/logo\/image\/"}}]}},"_links":{"self":[{"href":"https:\/\/www.expoforest.com.br\/2023\/wp-json\/wp\/v2\/pages\/32","targetHints":{"allow":["GET"]}}],"collection":[{"href":"https:\/\/www.expoforest.com.br\/2023\/wp-json\/wp\/v2\/pages"}],"about":[{"href":"https:\/\/www.expoforest.com.br\/2023\/wp-json\/wp\/v2\/types\/page"}],"author":[{"embeddable":true,"href":"https:\/\/www.expoforest.com.br\/2023\/wp-json\/wp\/v2\/users\/3"}],"replies":[{"embeddable":true,"href":"https:\/\/www.expoforest.com.br\/2023\/wp-json\/wp\/v2\/comments?post=32"}],"version-history":[{"count":0,"href":"https:\/\/www.expoforest.com.br\/2023\/wp-json\/wp\/v2\/pages\/32\/revisions"}],"wp:attachment":[{"href":"https:\/\/www.expoforest.com.br\/2023\/wp-json\/wp\/v2\/media?parent=32"}],"curies":[{"name":"wp","href":"https:\/\/api.w.org\/{rel}","templated":true}]}}